{"id":3173,"date":"2024-06-27T21:07:11","date_gmt":"2024-06-27T21:07:11","guid":{"rendered":"https:\/\/www.techabeille.fr\/de\/?page_id=3173"},"modified":"2026-01-02T20:24:36","modified_gmt":"2026-01-02T20:24:36","slug":"conditions-generales-dutilisation","status":"publish","type":"page","link":"https:\/\/www.techabeille.fr\/de\/conditions-generales-dutilisation\/","title":{"rendered":"Allgemeine Nutzungsbedingungen"},"content":{"rendered":"\n<div class=\"wp-block-group has-global-padding is-layout-constrained wp-container-core-group-is-layout-bdbfdc43 wp-block-group-is-layout-constrained\">\n<h3 class=\"wp-block-heading\" id=\"mentions-l%C3%A9gales\"><strong>Geistiges Eigentum<\/strong><\/h3>\n\n\n\n<p>Der Inhalt (Texte, Bilder und Videos) der Website techabeille.com steht unter der Lizenz <a href=\"https:\/\/creativecommons.org\/licenses\/by-nc-sa\/4.0\/deed.de\" target=\"_blank\" rel=\"noopener\">CC BY-NC-SA 4.0<\/a> (Namensnennung, nicht kommerziell und Weitergabe unter gleichen Bedingungen).<\/p>\n\n\n\n<p><strong>Sie sind berechtigt:<\/strong><\/p>\n\n\n\n<ul class=\"wp-block-list\">\n<li><strong>Teilen<\/strong>&nbsp;: das Material in jedem Format oder Medium zu kopieren und weiterzuverbreiten.<\/li>\n\n\n\n<li><strong>Bearbeiten<\/strong>&nbsp;: das Material zu remixen, zu ver\u00e4ndern und darauf aufzubauen.<\/li>\n<\/ul>\n\n\n\n<p><strong>Unter den folgenden Bedingungen:<\/strong><\/p>\n\n\n\n<ul class=\"wp-block-list\">\n<li><strong>Namensnennung<\/strong>&nbsp;: Sie m\u00fcssen angemessene Urheber- und Rechteangaben machen, einen Link zur Lizenz beif\u00fcgen und angeben, ob \u00c4nderungen vorgenommen wurden. Diese Angaben d\u00fcrfen in jeder angemessenen Art und Weise gemacht werden, jedoch nicht so, dass der Eindruck entsteht, dass Tech Abeille Sie oder Ihre Nutzung besonders unterst\u00fctzt.<\/li>\n\n\n\n<li><strong>Nicht kommerziell<\/strong>&nbsp;: Sie d\u00fcrfen das Material nicht f\u00fcr kommerzielle Zwecke nutzen.<\/li>\n\n\n\n<li><strong>Weitergabe unter gleichen Bedingungen<\/strong>&nbsp;: Wenn Sie das Material remixen, ver\u00e4ndern oder anderweitig direkt darauf aufbauen, d\u00fcrfen Sie Ihre Beitr\u00e4ge nur unter derselben Lizenz wie das Original verbreiten.<\/li>\n<\/ul>\n\n\n\n<h3 class=\"wp-block-heading\" id=\"mentions-l%C3%A9gales\">Haftung<\/h3>\n\n\n\n<p>Techabeille.fr bem\u00fcht sich, zuverl\u00e4ssige und regelm\u00e4\u00dfig aktualisierte Informationen bereitzustellen. Dennoch k\u00f6nnen Fehler oder Auslassungen auftreten.<br>Die Website kann nicht f\u00fcr die Nutzung der verf\u00fcgbaren Informationen haftbar gemacht werden.<br>F\u00fcr Hyperlinks auf der Website techabeille.fr zu anderen Ressourcen im Internet \u00fcbernimmt der Herausgeber keine Haftung.<\/p>\n\n\n\n<h3 class=\"wp-block-heading\">Datenschutz<\/h3>\n\n\n\n<p>Die Website Techabeille.fr kann bestimmte personenbezogene Daten \u00fcber ihre Formulare oder Cookies sammeln, jedoch ausschlie\u00dflich im Rahmen ihrer T\u00e4tigkeit.<br>Gem\u00e4\u00df der <strong>Datenschutz-Grundverordnung (DSGVO)<\/strong> haben Sie ein Recht auf Auskunft, Berichtigung, L\u00f6schung und Widerspruch bez\u00fcglich Ihrer Daten.<br>Um Ihre Rechte auszu\u00fcben, k\u00f6nnen Sie Kontakt aufnehmen unter: <a href=\"admin@techabeille.fr\" data-type=\"link\" data-id=\"admin@techabeille.fr\" target=\"_blank\" rel=\"noreferrer noopener\">admin@techabeille.fr<\/a><\/p>\n\n\n\n<h3 class=\"wp-block-heading\" id=\"mentions-l%C3%A9gales\">Kontakt<\/h3>\n\n\n\n<p>Bei Fragen oder Beschwerden bez\u00fcglich dieser Allgemeinen Nutzungsbedingungen k\u00f6nnen Sie uns unter folgender Adresse kontaktieren: <a href=\"mailto:contact@techabeille.fr\">contact@techabeille.fr<\/a>.<\/p>\n\n\n\n<h3 class=\"wp-block-heading\" id=\"mentions-l%C3%A9gales\">Impressum (Mentions L\u00e9gales)<\/h3>\n\n\n\n<p>Gem\u00e4\u00df Artikel 6 des franz\u00f6sischen Gesetzes Nr. 2004-575 vom 21. Juni 2004 \u00fcber das Vertrauen in die digitale Wirtschaft (LCEN) werden den Nutzern der Website techabeille.com die Identit\u00e4ten der verschiedenen Akteure im Rahmen ihrer Erstellung und Betreuung mitgeteilt.<\/p>\n\n\n\n<p><strong>Angaben zum Herausgeber<\/strong><\/p>\n\n\n\n<p>Herausgeber der Website und Verantwortlicher f\u00fcr die Ver\u00f6ffentlichung: LI Wei(Robert Abela)<br>Rechtsform: Auto-Entrepreneur (Einzelunternehmer)<br>SIRET: 995331592<br>E-Mail: <a href=\"admin@techabeille.fr\" data-type=\"link\" data-id=\"admin@techabeille.com\" target=\"_blank\" rel=\"noreferrer noopener\">admin@techabeille.fr<\/a><\/p>\n\n\n\n<p><strong>Hosting:<\/strong><\/p>\n\n\n\n<p>Die Website wird gehostet von der Gesellschaft&nbsp;<a href=\"https:\/\/www.ovhcloud.com\/fr\/\" target=\"_blank\" rel=\"noreferrer noopener\">OVH<\/a>.<br>Vereinfachte Aktiengesellschaft (SAS) mit einem Kapital von 10 174 560 \u20ac<br>RCS Lille M\u00e9tropole 424 761 419 00045<br>APE-Code: 2620Z<br>USt-IdNr.: FR 22 424 761 419<\/p>\n\n\n\n<p>Hauptsitz:<br>2 rue Kellermann<br>59100 Roubaix<br>Frankreich<\/p>\n\n\n\n<p><a href=\"https:\/\/www.cloudflare.com\/\" target=\"_blank\" rel=\"noreferrer noopener\">Cloudflare<\/a>&nbsp;ist das CDN.<\/p>\n\n\n\n<h3 class=\"wp-block-heading\" id=\"h-cookie-et-regles-de-confidentialites\">Cookies und Datenschutzrichtlinien<\/h3>\n\n\n\n<p>Die Website verwendet Cookies, um die Benutzererfahrung zu verbessern und Besucherstatistiken zu erstellen.<br>Sie k\u00f6nnen Ihre Einstellungen \u00fcber das Zustimmungsbanner oder direkt in Ihren Browsereinstellungen konfigurieren.<br>Weitere Informationen finden Sie auf dieser Seite:\u00a0<a href=\"https:\/\/www.techabeille.fr\/de\/cookie-policy-eu\/\">Cookies und Datenschutzrichtlinien<\/a><\/p>\n<\/div>\n","protected":false},"excerpt":{"rendered":"<p>Geistiges Eigentum Der Inhalt (Texte, Bilder und Videos) der Website techabeille.com steht unter der Lizenz CC BY-NC-SA 4.0 (Namensnennung, nicht kommerziell und Weitergabe unter gleichen Bedingungen). Sie sind berechtigt: Unter den folgenden Bedingungen: Haftung Techabeille.fr bem\u00fcht sich, zuverl\u00e4ssige und regelm\u00e4\u00dfig aktualisierte Informationen bereitzustellen. Dennoch k\u00f6nnen Fehler oder Auslassungen auftreten.Die Website kann nicht f\u00fcr die Nutzung [&hellip;]<\/p>\n","protected":false},"author":1,"featured_media":0,"parent":0,"menu_order":0,"comment_status":"closed","ping_status":"closed","template":"","meta":{"inline_featured_image":false,"footnotes":""},"class_list":["post-3173","page","type-page","status-publish","hentry"],"_links":{"self":[{"href":"https:\/\/www.techabeille.fr\/de\/wp-json\/wp\/v2\/pages\/3173","targetHints":{"allow":["GET"]}}],"collection":[{"href":"https:\/\/www.techabeille.fr\/de\/wp-json\/wp\/v2\/pages"}],"about":[{"href":"https:\/\/www.techabeille.fr\/de\/wp-json\/wp\/v2\/types\/page"}],"author":[{"embeddable":true,"href":"https:\/\/www.techabeille.fr\/de\/wp-json\/wp\/v2\/users\/1"}],"replies":[{"embeddable":true,"href":"https:\/\/www.techabeille.fr\/de\/wp-json\/wp\/v2\/comments?post=3173"}],"version-history":[{"count":6,"href":"https:\/\/www.techabeille.fr\/de\/wp-json\/wp\/v2\/pages\/3173\/revisions"}],"predecessor-version":[{"id":4399,"href":"https:\/\/www.techabeille.fr\/de\/wp-json\/wp\/v2\/pages\/3173\/revisions\/4399"}],"wp:attachment":[{"href":"https:\/\/www.techabeille.fr\/de\/wp-json\/wp\/v2\/media?parent=3173"}],"curies":[{"name":"wp","href":"https:\/\/api.w.org\/{rel}","templated":true}]}}