{"id":3614,"date":"2025-01-01T22:27:42","date_gmt":"2025-01-01T22:27:42","guid":{"rendered":"https:\/\/www.techabeille.fr\/de\/cookie-policy-eu\/"},"modified":"2026-01-02T20:31:10","modified_gmt":"2026-01-02T20:31:10","slug":"cookie-policy-eu","status":"publish","type":"page","link":"https:\/\/www.techabeille.fr\/de\/cookie-policy-eu\/","title":{"rendered":"Cookie-Richtlinie"},"content":{"rendered":"\n<div class=\"wp-block-group has-global-padding is-layout-constrained wp-container-core-group-is-layout-cd2bd53c wp-block-group-is-layout-constrained\" style=\"padding-right:var(--wp--preset--spacing--30);padding-left:var(--wp--preset--spacing--30)\">\n<p>Diese Richtlinie beschreibt die Verwendung von Cookies auf <strong>TechAbeille<\/strong> (<a class=\"\" href=\"https:\/\/www.techabeille.fr\/de\/\">https:\/\/www.techabeille.fr\/de\/<\/a>), einem Blog, der sich Windows-Tipps widmet. Sie entspricht der Datenschutz-Grundverordnung (DSGVO) der Europ\u00e4ischen Union sowie der kanadischen Gesetzgebung (PIPEDA).<\/p>\n\n\n\n<p>Wir erkl\u00e4ren darin, was ein Cookie ist, welche Kategorien auf unserer Website verwendet werden und wie Dienste von Drittanbietern wie Google Analytics, Google AdSense und das WordPress-Kommentarsystem funktionieren.<\/p>\n\n\n\n<p>Au\u00dferdem finden Sie Informationen zur Verwaltung Ihrer Einwilligungspr\u00e4ferenzen sowie Anleitungen zum L\u00f6schen von Cookies in verschiedenen Browsern.<\/p>\n\n\n\n<p><strong>TechAbeille<\/strong> verpflichtet sich, Cookies, die \u00fcber seine Website gesetzt werden, nicht f\u00fcr illegale oder missbr\u00e4uchliche Zwecke zu verwenden.<\/p>\n\n\n\n<h2 class=\"wp-block-heading\" id=\"quest-ce-quun-cookie\">Was ist ein Cookie?<\/h2>\n\n\n\n<p>Ein Cookie ist eine kleine Textdatei (auch <em>Tracker<\/em> genannt), die von einer Website, die Sie besuchen, auf Ihrem Ger\u00e4t (Computer, Smartphone usw.) abgelegt wird. Es enth\u00e4lt oft eine eindeutige Kennung und andere Informationen, die es der Website erm\u00f6glichen, sich an Sie oder bestimmte Aktionen von Ihnen zu \u201eerinnern\u201c. Ein Cookie kann beispielsweise speichern, dass Sie auf einer Website eingeloggt sind, den Inhalt Ihres Warenkorbs auf einer Shopping-Website behalten oder Ihre Sprache bzw. Ihre Anzeigepr\u00e4ferenzen speichern. Cookies k\u00f6nnen von der Website selbst (<em>Erstanbieter-Cookies<\/em>) oder von Dritten (anderen Domains, z. B. Werbung oder Analytics) installiert werden. Ihre Verwendung erleichtert die Navigation (z. B. Offenhalten einer Sitzung) und erm\u00f6glicht die Bereitstellung bestimmter Dienste, beinhaltet jedoch h\u00e4ufig die Verarbeitung von Navigationsnutzungsdaten.<\/p>\n\n\n\n<h2 class=\"wp-block-heading\" id=\"types-de-cookies-utilis%C3%A9s\">Arten der verwendeten Cookies<\/h2>\n\n\n\n<p>Wir verwenden auf dieser Website verschiedene Arten von Cookies, die nach ihrem Zweck klassifiziert sind:<\/p>\n\n\n\n<ul class=\"wp-block-list\">\n<li><strong>F\u00fcr den Betrieb notwendige Cookies<\/strong>: Sie erm\u00f6glichen die grundlegende Funktion der Website und die Sicherheit (Anmeldesitzungen, Website-Einstellungen, Firewall usw.). Ohne diese Cookies k\u00f6nnen bestimmte wesentliche Funktionen nicht arbeiten. Diese Cookies sind von der obligatorischen vorherigen Einwilligung befreit, da sie f\u00fcr den angeforderten Dienst \u201eunbedingt erforderlich\u201c sind.<\/li>\n\n\n\n<li><strong>Analyse-Cookies (Reichweitenmessung)<\/strong>: Sie z\u00e4hlen und analysieren die Besucherzahlen der Website (z. B. Anzahl der Besucher und aufgerufene Seiten). Wir verwenden hierf\u00fcr Google Analytics. Diese Cookies sind in der Regel Erstanbieter-Cookies (z. B. das Cookie <code>_ga<\/code> von Google Analytics). Sie helfen uns, die Website zu verbessern, indem wir verstehen, wie Besucher navigieren. Ihre Verwendung erfordert Ihre vorherige Einwilligung (siehe Abschnitt \u201eVerwaltung der Einwilligung\u201c), da sie Nutzungsdaten sammeln.<\/li>\n\n\n\n<li><strong>Werbe- und Targeting-Cookies<\/strong>: Sie speichern Informationen \u00fcber Ihre Besuche, um Ihnen Anzeigen anzubieten, die auf Ihre Interessen zugeschnitten sind. Google AdSense setzt beispielsweise Werbe-Cookies von Drittanbietern, wenn Anzeigen auf unserer Website geschaltet werden. Diese Cookies verfolgen Ihre Navigation (auf unserer Website und oft auch auf anderen Websites), um Ihnen personalisierte Werbung zu pr\u00e4sentieren. Ihre Verwendung erfordert Ihre ausdr\u00fcckliche Einwilligung (siehe \u201eVerwaltung der Einwilligung\u201c), da sie f\u00fcr den Betrieb der Website nicht unerl\u00e4sslich sind.<\/li>\n\n\n\n<li><strong>Pr\u00e4ferenz-Cookies<\/strong> (optional): Sie speichern Ihre Konfigurations- oder Personalisierungsentscheidungen f\u00fcr die Website (z. B. helles\/dunkles Design, Sprache usw.). Wir verwenden derzeit keine spezifischen Cookies dieser Art.<\/li>\n\n\n\n<li><strong>Cookies f\u00fcr soziale Netzwerke<\/strong>: Wenn Sie Inhalte \u00fcber einen Social-Media-Button teilen, kann das betreffende soziale Netzwerk ein Cookie auf Ihrem Ger\u00e4t installieren. Unser Blog enth\u00e4lt keine eingebetteten Social-Plugins, die ihre eigenen Cookies setzen k\u00f6nnten.<\/li>\n<\/ul>\n\n\n\n<p>Drittanbieter-Cookies (Werbe- oder Analyse-Cookies von einer anderen Domain) sind deutlich gekennzeichnet. Zum Beispiel ist das Cookie von Google AdSense ein Drittanbieter-Cookie von Google, w\u00e4hrend das Google Analytics-Cookie intern zur Domain des Blogs geh\u00f6ren kann. Erstanbieter-Cookies (von dieser Website ausgegeben) werden oft verwendet, um Ihre Sitzung offen zu halten oder Ihre Einstellungen zu speichern.<\/p>\n\n\n\n<h2 class=\"wp-block-heading\" id=\"cookies-analytiques-google-analytics\">Analyse-Cookies (Google Analytics)<\/h2>\n\n\n\n<p>Wir verwenden <strong>Google Analytics<\/strong>, um Statistiken \u00fcber Besucherzahlen und Verhalten auf der Website zu sammeln. Google Analytics installiert ein Cookie (meistens <code>_ga<\/code> genannt), das anonym Daten wie Seitenaufrufe, Besuchsdauer oder Herkunft der Besucher speichert. Google gibt an, dass Google Analytics-Cookies mehrheitlich Erstanbieter-Cookies der Website-Domain sind. Die Plattform untersagt zudem das Senden von pers\u00f6nlich identifizierbaren Daten (wie Name oder E-Mail-Adresse) an Analytics, wodurch sichergestellt wird, dass nur anonyme Nutzungsindikatoren verarbeitet werden.<\/p>\n\n\n\n<p>Gem\u00e4\u00df der Gesetzgebung bitten wir um Ihre ausdr\u00fcckliche Einwilligung, bevor diese Analyse-Cookies aktiviert werden. Sie haben die Wahl, deren Speicherung \u00fcber das Cookie-Banner zu akzeptieren oder abzulehnen. Wenn Sie ablehnen, wird Google Analytics nicht ausgel\u00f6st und wir haben keinen Zugriff auf Ihre Nutzungsdaten. Sie k\u00f6nnen Analytics-Cookies auch \u00fcber Ihre Browsereinstellungen deaktivieren.<\/p>\n\n\n\n<h2 class=\"wp-block-heading\" id=\"cookies-publicitaires-google-adsense\">Werbe-Cookies (Google AdSense)<\/h2>\n\n\n\n<p>Wir zeigen Werbung \u00fcber <strong>Google AdSense<\/strong> an, das Werbe-Cookies von Drittanbietern verwendet, um Anzeigen zu personalisieren. Wie in der Google-Dokumentation angegeben: \u201eDrittanbieter, einschlie\u00dflich Google, verwenden Cookies, um Anzeigen basierend auf fr\u00fcheren Besuchen des Nutzers auf Ihrer Website oder anderen Websites zu schalten.\u201c Mit anderen Worten: Bei Ihren Besuchen k\u00f6nnen Google und seine Partner ein Werbe-Cookie setzen, um Ihnen Anzeigen anzubieten, die mit Ihren Interessen und Ihrem Browserverlauf zusammenh\u00e4ngen.<\/p>\n\n\n\n<p>Diese Nutzung ist geregelt: Wir informieren Besucher \u00fcber das Vorhandensein dieser Cookies und geben Ihnen die M\u00f6glichkeit, Widerspruch einzulegen. Sie k\u00f6nnen personalisierte Werbung ablehnen, indem Sie die <a href=\"https:\/\/adssettings.google.com\/\" target=\"_blank\" rel=\"noopener\">Google-Anzeigeneinstellungen<\/a> besuchen oder \u00fcber <a href=\"https:\/\/www.aboutads.info\/\" target=\"_blank\" rel=\"noopener\">das Deaktivierungsportal<\/a> f\u00fcr Drittanbieter-Cookies. Unsere Website sammelt keine Werbe-Cookies ohne Ihre Zustimmung. Wenn Sie diese Cookies ablehnen, werden die angezeigten Anzeigen weniger gezielt sein, aber Sie werden davon nicht befreit (Sie werden weiterhin Anzeigen sehen, nur nicht personalisiert).<\/p>\n\n\n\n<h2 class=\"wp-block-heading\" id=\"cookies-et-commentaires-wordpress\">Cookies und WordPress-Kommentare<\/h2>\n\n\n\n<p>Unser Blog verwendet das native Kommentarsystem von WordPress. Wenn Sie einen Kommentar hinterlassen und das K\u00e4stchen \u201eMeinen Namen, E-Mail und Website in diesem Browser speichern\u201c ankreuzen, setzt WordPress ein Cookie, um Ihren <strong>Namen<\/strong>, Ihre <strong>E-Mail-Adresse<\/strong> und die <strong>URL<\/strong> Ihrer Website (falls vorhanden) zu speichern. Dieses Cookie dient dazu, diese Felder bei Ihrem n\u00e4chsten Besuch automatisch vorauszuf\u00fcllen. Dieses Kommentar-Cookie l\u00e4uft in der Regel nach 347 Tagen ab, wird jedoch nur verwendet, wenn Sie kommentieren. Beachten Sie, dass dieses Cookie f\u00fcr den Betrieb der Website nicht unbedingt erforderlich ist (Sie k\u00f6nnen auch ohne Akzeptieren kommentieren), es handelt sich eher um eine praktische Funktion, damit Sie Ihre Identit\u00e4t nicht jedes Mal neu eingeben m\u00fcssen. Sie k\u00f6nnen es ablehnen oder l\u00f6schen, indem Sie Ihre Cookies verwalten (siehe n\u00e4chster Abschnitt). Keine anderen sensiblen Daten werden in diesem Cookie gespeichert.<\/p>\n\n\n\n<h2 class=\"wp-block-heading\" id=\"gestion-du-consentement\">Verwaltung der Einwilligung<\/h2>\n\n\n\n<p>Bei Ihrem ersten Besuch erscheint am unteren Rand der Seite ein <strong>Cookie-Banner<\/strong>, um Ihre Einwilligung einzuholen. Dieses Banner erm\u00f6glicht es Ihnen, alle Cookies zu <strong>akzeptieren<\/strong>, diejenigen zu <strong>ablehnen<\/strong>, die nicht unbedingt erforderlich sind, oder Ihre <strong>Pr\u00e4ferenzen im Detail zu verwalten<\/strong>. Durch Klicken auf \u201eEinstellungen verwalten\u201c \u00f6ffnen Sie ein spezielles Zentrum, in dem jede Cookie-Kategorie (Notwendig, Analyse, Werbung usw.) einzeln aktiviert oder deaktiviert werden kann. Dieser Mechanismus entspricht den Empfehlungen der Datenschutzbeh\u00f6rden: Die Einwilligung muss freiwillig, spezifisch und informiert sein, und Sie m\u00fcssen sie genauso einfach widerrufen k\u00f6nnen, wie Sie sie gegeben haben. Gem\u00e4\u00df diesen Grunds\u00e4tzen k\u00f6nnen Sie Ihre Auswahl jederzeit \u00fcber den Link \u201eCookie-Einstellungen\u201c am unteren Rand der Website \u00e4ndern.<\/p>\n\n\n\n<p>Die CNIL (franz\u00f6sische Datenschutzbeh\u00f6rde) erinnert daran, dass Websites Zugang zu einem Pr\u00e4ferenzverwaltungszentrum bieten m\u00fcssen, das es erm\u00f6glicht, die Einwilligung zu Cookies <strong>leicht zu \u00fcberpr\u00fcfen<\/strong>. Wir verpflichten uns, diese bew\u00e4hrten Praktiken anzuwenden: Kein nicht wesentliches Cookie wird vor Ihrer ausdr\u00fccklichen Zustimmung gesetzt, und Sie k\u00f6nnen Ihre Entscheidung jederzeit \u00fcber das Pr\u00e4ferenzzentrum oder durch manuelles L\u00f6schen der Cookies revidieren (siehe unten).<\/p>\n\n\n\n<h2 class=\"wp-block-heading\" id=\"suppression-des-cookies-dans-les-navigateurs\">L\u00f6schen von Cookies in Browsern<\/h2>\n\n\n\n<p>Sie k\u00f6nnen Cookies direkt in Ihrem Browser verwalten oder l\u00f6schen. So geht es in den g\u00e4ngigsten Browsern:<\/p>\n\n\n\n<ul class=\"wp-block-list\">\n<li><strong>Chrome<\/strong>: \u00d6ffnen Sie Chrome auf Ihrem Computer. Klicken Sie oben rechts auf das Men\u00fc \u22ee und w\u00e4hlen Sie dann <strong>Einstellungen<\/strong> &gt; <strong>Datenschutz und Sicherheit<\/strong> &gt; <strong>Browserdaten l\u00f6schen<\/strong>. W\u00e4hlen Sie einen Zeitraum (z. B. \u201eGesamte Zeit\u201c), kreuzen Sie <strong>Cookies und andere Websitedaten<\/strong> an und klicken Sie dann auf <strong>Daten l\u00f6schen<\/strong>. Sie k\u00f6nnen dieses Fenster auch schnell aufrufen, indem Sie <code>chrome:\/\/settings\/clearBrowserData<\/code> in die Adressleiste eingeben.<\/li>\n\n\n\n<li><strong>Firefox<\/strong>: \u00d6ffnen Sie Firefox, gehen Sie zu <strong>\u2630 Men\u00fc<\/strong> &gt; <strong>Einstellungen<\/strong> und w\u00e4hlen Sie dann <strong>Datenschutz &amp; Sicherheit<\/strong>. Klicken Sie im Abschnitt <em>Cookies und Website-Daten<\/em> auf <strong>Daten verwalten\u2026<\/strong>. Sie k\u00f6nnen dann nach einer Website suchen und auf <strong>Angezeigte Websites l\u00f6schen<\/strong> klicken, um alle ihre Cookies zu l\u00f6schen, oder Websites ausw\u00e4hlen und auf <strong>Ausgew\u00e4hlte l\u00f6schen<\/strong> klicken. Um alles zu l\u00f6schen, klicken Sie einfach auf <strong>Daten l\u00f6schen\u2026<\/strong> und w\u00e4hlen Sie <em>Cookies<\/em> aus.<\/li>\n\n\n\n<li><strong>Edge<\/strong>: \u00d6ffnen Sie Edge, klicken Sie auf <strong>&#8230;<\/strong> &gt; <strong>Einstellungen<\/strong> &gt; <strong>Datenschutz, Suche und Dienste<\/strong>. Klicken Sie unter <em>Browserdaten l\u00f6schen<\/em> auf <strong>Zu l\u00f6schende Elemente ausw\u00e4hlen<\/strong>. W\u00e4hlen Sie den gew\u00fcnschten Zeitraum, kreuzen Sie <strong>Cookies und andere Websitedaten<\/strong> an und klicken Sie dann auf <strong>Jetzt l\u00f6schen<\/strong>. Sie k\u00f6nnen auch <code>Strg+Umschalt+Entf<\/code> dr\u00fccken, um direkt zu diesem Fenster zu gelangen.<\/li>\n\n\n\n<li><strong>Safari (Mac)<\/strong>: \u00d6ffnen Sie Safari, gehen Sie ins Men\u00fc <strong>Safari<\/strong> &gt; <strong>Einstellungen<\/strong> und dann auf den Reiter <strong>Datenschutz<\/strong>. Klicken Sie auf <strong>Websitedaten verwalten\u2026<\/strong>. Eine Liste der gespeicherten Websites erscheint. Sie k\u00f6nnen dann eine oder mehrere Websites ausw\u00e4hlen und auf <strong>Entfernen<\/strong> klicken (oder <strong>Alle entfernen<\/strong>, um alles zu l\u00f6schen). Dies l\u00f6scht die von diesen Websites gespeicherten Cookies.<\/li>\n<\/ul>\n\n\n\n<p>Weitere Informationen finden Sie in der offiziellen Dokumentation der Browser. Beachten Sie, dass das L\u00f6schen von Cookies Sie von Websites abmeldet und das Laden bestimmter Seiten verlangsamen kann (da die Website die vergessenen Inhalte neu laden muss).<\/p>\n\n\n\n<h2 class=\"wp-block-heading\" id=\"conformit%C3%A9-aux-lois-en-vigueur\">Einhaltung der geltenden Gesetze<\/h2>\n\n\n\n<p>Unsere Cookie-Richtlinie respektiert die geltenden Gesetze zum Schutz der Privatsph\u00e4re. In Europa regelt die <strong>DSGVO<\/strong> die Verwendung von Cookies streng. Alle Cookies, die nicht unbedingt f\u00fcr die Erbringung eines angeforderten Dienstes erforderlich sind, bed\u00fcrfen Ihrer vorherigen Einwilligung. Deshalb installieren wir keine Analyse- oder Werbe-Cookies ohne Ihre ausdr\u00fcckliche Zustimmung. In <strong>Kanada<\/strong> schreibt das PIPEDA-Gesetz ebenfalls vor, eine klare Einwilligung f\u00fcr jede Erhebung personenbezogener Daten (auch \u00fcber Cookies) einzuholen. Die Schl\u00fcsselprinzipien (Transparenz, Minimierung, Widerrufsrecht) werden angewendet: Wir erkl\u00e4ren, warum wir jedes Cookie sammeln, und informieren Sie \u00fcber Ihre Rechte.<\/p>\n\n\n\n<p>Schlie\u00dflich versichern wir, dass <strong>wir Cookies nicht f\u00fcr illegale oder missbr\u00e4uchliche Zwecke verwenden<\/strong>. Keine sensiblen personenbezogenen Daten werden ohne Wissen des Nutzers verkauft oder geteilt, und wir aktivieren keine versteckten Tracker. Unsere Verwendung von Cookies beschr\u00e4nkt sich auf das oben Beschriebene und bleibt konform mit den Gesetzgebungen (DSGVO, PIPEDA) sowie den Richtlinien der Datenschutzbeh\u00f6rden. Wenn Sie Fragen zu dieser Cookie-Richtlinie oder Ihren Rechten haben, k\u00f6nnen Sie uns \u00fcber <a href=\"https:\/\/www.techabeille.fr\/de\/conditions-generales-dutilisation\/\">die Kontaktseite<\/a> der Website kontaktieren.<\/p>\n<\/div>\n","protected":false},"excerpt":{"rendered":"<p>Diese Richtlinie beschreibt die Verwendung von Cookies auf TechAbeille (https:\/\/www.techabeille.fr\/de\/), einem Blog, der sich Windows-Tipps widmet. Sie entspricht der Datenschutz-Grundverordnung (DSGVO) der Europ\u00e4ischen Union sowie der kanadischen Gesetzgebung (PIPEDA). Wir erkl\u00e4ren darin, was ein Cookie ist, welche Kategorien auf unserer Website verwendet werden und wie Dienste von Drittanbietern wie Google Analytics, Google AdSense und das [&hellip;]<\/p>\n","protected":false},"author":1,"featured_media":0,"parent":0,"menu_order":0,"comment_status":"closed","ping_status":"closed","template":"","meta":{"inline_featured_image":false,"footnotes":""},"class_list":["post-3614","page","type-page","status-publish","hentry"],"_links":{"self":[{"href":"https:\/\/www.techabeille.fr\/de\/wp-json\/wp\/v2\/pages\/3614","targetHints":{"allow":["GET"]}}],"collection":[{"href":"https:\/\/www.techabeille.fr\/de\/wp-json\/wp\/v2\/pages"}],"about":[{"href":"https:\/\/www.techabeille.fr\/de\/wp-json\/wp\/v2\/types\/page"}],"author":[{"embeddable":true,"href":"https:\/\/www.techabeille.fr\/de\/wp-json\/wp\/v2\/users\/1"}],"replies":[{"embeddable":true,"href":"https:\/\/www.techabeille.fr\/de\/wp-json\/wp\/v2\/comments?post=3614"}],"version-history":[{"count":2,"href":"https:\/\/www.techabeille.fr\/de\/wp-json\/wp\/v2\/pages\/3614\/revisions"}],"predecessor-version":[{"id":4401,"href":"https:\/\/www.techabeille.fr\/de\/wp-json\/wp\/v2\/pages\/3614\/revisions\/4401"}],"wp:attachment":[{"href":"https:\/\/www.techabeille.fr\/de\/wp-json\/wp\/v2\/media?parent=3614"}],"curies":[{"name":"wp","href":"https:\/\/api.w.org\/{rel}","templated":true}]}}